{"id":755,"date":"2026-03-03T11:44:10","date_gmt":"2026-03-03T11:44:10","guid":{"rendered":"https:\/\/artland.at\/?page_id=755"},"modified":"2026-03-03T11:44:17","modified_gmt":"2026-03-03T11:44:17","slug":"musik","status":"publish","type":"page","link":"https:\/\/artland.at\/?page_id=755","title":{"rendered":"Musik"},"content":{"rendered":"<p>Neben meiner Malerei bin ich auch als Musiker t\u00e4tig. Ich habe \u00fcber 120 Songs komponiert, ich singe, spiele Klavier und Westerngitarre. Bislang habe ich f\u00fcnf CDs ver\u00f6ffentlicht. In den Liedern geht es wie bei der Malerei um eine tiefgr\u00fcndige Auseinandersetzung mit dem Leben, seien es die inneren D\u00e4monen oder der Sinn des Lebens an sich. Doch auch der Humor und die Fantasie kommen dabei nie zu kurz. Die Musik reicht von atmosph\u00e4rischen Singer-Songwriter St\u00fccken bis hin zu lustigen bis schr\u00e4gen Kinderliedern, die sich gro\u00dfer Beliebtheit erfreuen.\u00a0<\/p>","protected":false},"excerpt":{"rendered":"<p>Neben meiner Malerei bin ich auch als Musiker t\u00e4tig. Ich habe \u00fcber 120 Songs komponiert, ich singe, spiele Klavier und Westerngitarre. Bislang habe ich f\u00fcnf CDs ver\u00f6ffentlicht. In den Liedern geht es wie bei der Malerei um eine tiefgr\u00fcndige Auseinandersetzung mit dem Leben, seien es die inneren D\u00e4monen oder der Sinn des Lebens an sich. [&hellip;]<\/p>\n","protected":false},"author":1,"featured_media":0,"parent":0,"menu_order":0,"comment_status":"closed","ping_status":"closed","template":"","meta":{"footnotes":""},"class_list":["post-755","page","type-page","status-publish","hentry"],"_links":{"self":[{"href":"https:\/\/artland.at\/index.php?rest_route=\/wp\/v2\/pages\/755","targetHints":{"allow":["GET"]}}],"collection":[{"href":"https:\/\/artland.at\/index.php?rest_route=\/wp\/v2\/pages"}],"about":[{"href":"https:\/\/artland.at\/index.php?rest_route=\/wp\/v2\/types\/page"}],"author":[{"embeddable":true,"href":"https:\/\/artland.at\/index.php?rest_route=\/wp\/v2\/users\/1"}],"replies":[{"embeddable":true,"href":"https:\/\/artland.at\/index.php?rest_route=%2Fwp%2Fv2%2Fcomments&post=755"}],"version-history":[{"count":1,"href":"https:\/\/artland.at\/index.php?rest_route=\/wp\/v2\/pages\/755\/revisions"}],"predecessor-version":[{"id":756,"href":"https:\/\/artland.at\/index.php?rest_route=\/wp\/v2\/pages\/755\/revisions\/756"}],"wp:attachment":[{"href":"https:\/\/artland.at\/index.php?rest_route=%2Fwp%2Fv2%2Fmedia&parent=755"}],"curies":[{"name":"wp","href":"https:\/\/api.w.org\/{rel}","templated":true}]}}