{"id":137,"date":"2025-01-21T17:18:26","date_gmt":"2025-01-21T17:18:26","guid":{"rendered":"https:\/\/artland.at\/?post_type=product&#038;p=137"},"modified":"2025-02-14T14:12:01","modified_gmt":"2025-02-14T14:12:01","slug":"print-of-happy-flash-light-distributor","status":"publish","type":"product","link":"https:\/\/artland.at\/?product=print-of-happy-flash-light-distributor","title":{"rendered":"print of &#8220;happy flash light distributor&#8221;"},"content":{"rendered":"<p>&#8220;happy flash light distributor&#8221; \\ &#8220;Gl\u00fccklicher Blitzlichtverteiler &#8221;<br \/>\n2019, 80 x 60 cm, acrylic on canvas<\/p>\n<p>High-quality, lightfast print, size: roughly corresponds to the exact size of the original, for other sizese please ask \\ <span class=\"Y2IQFc\" lang=\"en\">Hochwertiger, lichtechter Druck, Gr\u00f6\u00dfe: entspricht in etwa der genauen Gr\u00f6\u00dfe des Original, andere Gr\u00f6\u00dfen auf Anfrage <\/span><\/p>\n<p><span class=\"Y2IQFc\" lang=\"en\">The print is stretched on a stretcher frame \\ Der Druck ist auf Keilrahmen gespannt<\/span><\/p>\n<p>You can also order a wooden frame for this artwork\u00a0 \\ Sie k\u00f6nnen auch\u00a0 einen Holzrahmen dazubestellen<br \/>\nprice: + 120 \u20ac<\/p>\n","protected":false},"excerpt":{"rendered":"<p>&#8220;happy flash light distributor&#8221; \\ &#8220;Gl\u00fccklicher Blitzlichtverteiler &#8221; 2019, 80 x 60 cm, acrylic on canvas High-quality, lightfast print, size: roughly corresponds to the exact size of the original, for other sizese please ask \\ Hochwertiger, lichtechter Druck, Gr\u00f6\u00dfe: entspricht in etwa der genauen Gr\u00f6\u00dfe des Original, andere Gr\u00f6\u00dfen auf Anfrage The print is stretched [&hellip;]<\/p>\n","protected":false},"featured_media":127,"template":"","meta":[],"product_brand":[],"product_cat":[19],"product_tag":[29],"class_list":{"0":"post-137","1":"product","2":"type-product","3":"status-publish","4":"has-post-thumbnail","6":"product_cat-all-artworks","7":"product_tag-print","8":"product_shipping_class-prints","10":"first","11":"instock","12":"purchasable","13":"product-type-simple"},"_links":{"self":[{"href":"https:\/\/artland.at\/index.php?rest_route=\/wp\/v2\/product\/137","targetHints":{"allow":["GET"]}}],"collection":[{"href":"https:\/\/artland.at\/index.php?rest_route=\/wp\/v2\/product"}],"about":[{"href":"https:\/\/artland.at\/index.php?rest_route=\/wp\/v2\/types\/product"}],"wp:featuredmedia":[{"embeddable":true,"href":"https:\/\/artland.at\/index.php?rest_route=\/wp\/v2\/media\/127"}],"wp:attachment":[{"href":"https:\/\/artland.at\/index.php?rest_route=%2Fwp%2Fv2%2Fmedia&parent=137"}],"wp:term":[{"taxonomy":"product_brand","embeddable":true,"href":"https:\/\/artland.at\/index.php?rest_route=%2Fwp%2Fv2%2Fproduct_brand&post=137"},{"taxonomy":"product_cat","embeddable":true,"href":"https:\/\/artland.at\/index.php?rest_route=%2Fwp%2Fv2%2Fproduct_cat&post=137"},{"taxonomy":"product_tag","embeddable":true,"href":"https:\/\/artland.at\/index.php?rest_route=%2Fwp%2Fv2%2Fproduct_tag&post=137"}],"curies":[{"name":"wp","href":"https:\/\/api.w.org\/{rel}","templated":true}]}}