{"id":558,"date":"2025-02-14T13:57:55","date_gmt":"2025-02-14T13:57:55","guid":{"rendered":"https:\/\/artland.at\/?post_type=product&#038;p=558"},"modified":"2026-03-21T08:29:08","modified_gmt":"2026-03-21T08:29:08","slug":"cd-kinderlieder-zum-nachdenken-fuer-kinder-ab-4-jahren-uly-paya","status":"publish","type":"product","link":"https:\/\/artland.at\/?product=cd-kinderlieder-zum-nachdenken-fuer-kinder-ab-4-jahren-uly-paya","title":{"rendered":"CD &#8220;Kinderlieder zum Nachdenken&#8221; &#8211; f\u00fcr Kinder ab 4 Jahren Uly Paya"},"content":{"rendered":"<p><span style=\"color: #333333; font-family: Quattrocento Sans;\"><span style=\"font-size: xx-large;\">Auf dieser neuesten CD gibt Lieder wie &#8220;Poldi, mein Sportfisch&#8221;, ein Lied \u00fcber das Gl\u00fcck und die &#8220;Paula, die Karotte&#8221;, die ganz anders ist. Ich habe versucht, Themen aufzugreifen und der CD auch &#8220;Inhalt&#8221; zu geben, der trotzdem lustig und ansprechend ist. Die 43 min\u00fctige CD beinhaltet Lieder zum Mitsingen und Nachdenken f\u00fcr Kinder jeden Alters, f\u00fcr Kindergartenkinder oder Volksschulkinder genauso wie f\u00fcr kleine Gro\u00dfe. Insgesamt gibt es 8 v\u00f6llig neue Lieder und noch 5 andere, neu aufbereitete &#8220;Klassiker&#8221;. Da ist alles drin!<br \/>\nSie wurde wieder mit echten Instrumenten produziert (ohne Drumcomputer).<br \/>\nViel Spa\u00df beim Anh\u00f6ren und Mitsingen! <\/span><\/span><\/p>\n<p>&nbsp;<\/p>\n<p><span style=\"color: #333333; font-family: Quattrocento Sans;\"><span style=\"font-size: xx-large;\"> Alle Lieder gibt es zum Downloaden (mit Text) auf<br \/>\nhttps:\/\/ulypaya.bandcamp.com<br \/>\n<\/span><\/span><\/p>\n","protected":false},"excerpt":{"rendered":"<p>Auf dieser neuesten CD gibt Lieder wie &#8220;Poldi, mein Sportfisch&#8221;, ein Lied \u00fcber das Gl\u00fcck und die &#8220;Paula, die Karotte&#8221;, die ganz anders ist. Ich habe versucht, Themen aufzugreifen und der CD auch &#8220;Inhalt&#8221; zu geben, der trotzdem lustig und ansprechend ist. Die 43 min\u00fctige CD beinhaltet Lieder zum Mitsingen und Nachdenken f\u00fcr Kinder jeden [&hellip;]<\/p>\n","protected":false},"featured_media":559,"template":"","meta":[],"product_brand":[],"product_cat":[24],"product_tag":[31,39,41,32,40,33],"class_list":{"0":"post-558","1":"product","2":"type-product","3":"status-publish","4":"has-post-thumbnail","6":"product_cat-music","7":"product_tag-cd","8":"product_tag-kinderlieder","9":"product_tag-lieder-zum-mitsingen","10":"product_tag-music","11":"product_tag-musik-fuer-kinder","12":"product_tag-spherical-rock","13":"product_shipping_class-small-package","15":"first","16":"instock","17":"taxable","18":"shipping-taxable","19":"purchasable","20":"product-type-simple"},"_links":{"self":[{"href":"https:\/\/artland.at\/index.php?rest_route=\/wp\/v2\/product\/558","targetHints":{"allow":["GET"]}}],"collection":[{"href":"https:\/\/artland.at\/index.php?rest_route=\/wp\/v2\/product"}],"about":[{"href":"https:\/\/artland.at\/index.php?rest_route=\/wp\/v2\/types\/product"}],"wp:featuredmedia":[{"embeddable":true,"href":"https:\/\/artland.at\/index.php?rest_route=\/wp\/v2\/media\/559"}],"wp:attachment":[{"href":"https:\/\/artland.at\/index.php?rest_route=%2Fwp%2Fv2%2Fmedia&parent=558"}],"wp:term":[{"taxonomy":"product_brand","embeddable":true,"href":"https:\/\/artland.at\/index.php?rest_route=%2Fwp%2Fv2%2Fproduct_brand&post=558"},{"taxonomy":"product_cat","embeddable":true,"href":"https:\/\/artland.at\/index.php?rest_route=%2Fwp%2Fv2%2Fproduct_cat&post=558"},{"taxonomy":"product_tag","embeddable":true,"href":"https:\/\/artland.at\/index.php?rest_route=%2Fwp%2Fv2%2Fproduct_tag&post=558"}],"curies":[{"name":"wp","href":"https:\/\/api.w.org\/{rel}","templated":true}]}}