{"id":560,"date":"2025-02-14T14:04:50","date_gmt":"2025-02-14T14:04:50","guid":{"rendered":"https:\/\/artland.at\/?post_type=product&#038;p=560"},"modified":"2026-03-21T08:28:46","modified_gmt":"2026-03-21T08:28:46","slug":"cd-lieder-zum-philosophieren-fuer-kinder-ab-4-jahren-uly-paya","status":"publish","type":"product","link":"https:\/\/artland.at\/?product=cd-lieder-zum-philosophieren-fuer-kinder-ab-4-jahren-uly-paya","title":{"rendered":"CD &#8220;Lieder zum Philosophieren&#8221; &#8211; f\u00fcr Kinder ab 4 Jahren Uly Paya"},"content":{"rendered":"<p><span style=\"color: #333333; font-family: Quattrocento Sans;\"><span style=\"font-size: xx-large;\">Die CD eignet sich f\u00fcr Kinder und Erwachsene.<\/p>\n<p>Uly versucht als Maler, Musiker und Philosophierender, Gedanken auf die B\u00fchne zu bringen, um mit dem Publikum dar\u00fcber nachzudenken und gemeinsam zu singen. Sein Programm nimmt Kinder und Erwachsene mit auf eine Reise durch philosopische Fragestellungen wie &#8220;Was is&#8217; wenn nix is&#8217; und was soll dann sein?&#8221; oder &#8220;Warum geht mein Goldfisch gerne klettern?&#8221;. <\/span><\/span><\/p>\n<p>&nbsp;<\/p>\n<p><span style=\"color: #333333; font-family: Quattrocento Sans;\"><span style=\"font-size: xx-large;\"> Alle Lieder gibt es zum Downloaden (mit Text) auf<br \/>\nhttps:\/\/ulypaya.bandcamp.com<br \/>\n<\/span><\/span><\/p>\n","protected":false},"excerpt":{"rendered":"<p>Die CD eignet sich f\u00fcr Kinder und Erwachsene. Uly versucht als Maler, Musiker und Philosophierender, Gedanken auf die B\u00fchne zu bringen, um mit dem Publikum dar\u00fcber nachzudenken und gemeinsam zu singen. Sein Programm nimmt Kinder und Erwachsene mit auf eine Reise durch philosopische Fragestellungen wie &#8220;Was is&#8217; wenn nix is&#8217; und was soll dann sein?&#8221; [&hellip;]<\/p>\n","protected":false},"featured_media":561,"template":"","meta":[],"product_brand":[],"product_cat":[24],"product_tag":[31,39,41,32,40,33],"class_list":{"0":"post-560","1":"product","2":"type-product","3":"status-publish","4":"has-post-thumbnail","6":"product_cat-music","7":"product_tag-cd","8":"product_tag-kinderlieder","9":"product_tag-lieder-zum-mitsingen","10":"product_tag-music","11":"product_tag-musik-fuer-kinder","12":"product_tag-spherical-rock","13":"product_shipping_class-small-package","15":"first","16":"instock","17":"taxable","18":"shipping-taxable","19":"purchasable","20":"product-type-simple"},"_links":{"self":[{"href":"https:\/\/artland.at\/index.php?rest_route=\/wp\/v2\/product\/560","targetHints":{"allow":["GET"]}}],"collection":[{"href":"https:\/\/artland.at\/index.php?rest_route=\/wp\/v2\/product"}],"about":[{"href":"https:\/\/artland.at\/index.php?rest_route=\/wp\/v2\/types\/product"}],"wp:featuredmedia":[{"embeddable":true,"href":"https:\/\/artland.at\/index.php?rest_route=\/wp\/v2\/media\/561"}],"wp:attachment":[{"href":"https:\/\/artland.at\/index.php?rest_route=%2Fwp%2Fv2%2Fmedia&parent=560"}],"wp:term":[{"taxonomy":"product_brand","embeddable":true,"href":"https:\/\/artland.at\/index.php?rest_route=%2Fwp%2Fv2%2Fproduct_brand&post=560"},{"taxonomy":"product_cat","embeddable":true,"href":"https:\/\/artland.at\/index.php?rest_route=%2Fwp%2Fv2%2Fproduct_cat&post=560"},{"taxonomy":"product_tag","embeddable":true,"href":"https:\/\/artland.at\/index.php?rest_route=%2Fwp%2Fv2%2Fproduct_tag&post=560"}],"curies":[{"name":"wp","href":"https:\/\/api.w.org\/{rel}","templated":true}]}}